{"id":2,"date":"2016-10-01T18:19:47","date_gmt":"2016-10-01T16:19:47","guid":{"rendered":"http:\/\/societe-archeologique-de-montpellier.com\/?page_id=2"},"modified":"2024-09-18T09:50:33","modified_gmt":"2024-09-18T07:50:33","slug":"page-d-exemple","status":"publish","type":"page","link":"http:\/\/societe-archeologique-de-montpellier.com\/","title":{"rendered":"Accueil"},"content":{"rendered":"<h3 style=\"text-align: center;\"><span style=\"color: #ffcc00;\">La Soci\u00e9t\u00e9 Arch\u00e9ologique de Montpellier<img decoding=\"async\" loading=\"lazy\" class=\"alignnone size-medium wp-image-98 alignleft\" src=\"http:\/\/societe-archeologique-de-montpellier.com\/wp-content\/uploads\/2016\/10\/logosam-300x300.png\" alt=\"logosam\" width=\"150\" height=\"150\" srcset=\"http:\/\/societe-archeologique-de-montpellier.com\/wp-content\/uploads\/2016\/10\/logosam-300x300.png 300w, http:\/\/societe-archeologique-de-montpellier.com\/wp-content\/uploads\/2016\/10\/logosam-150x150.png 150w, http:\/\/societe-archeologique-de-montpellier.com\/wp-content\/uploads\/2016\/10\/logosam.png 512w\" sizes=\"(max-width: 150px) 100vw, 150px\" \/><\/span><\/h3>\n<h3 style=\"text-align: center;\"><span style=\"color: #ffcc00;\">Le Palais Jacques C\u0153ur<br \/>\net des Tr\u00e9soriers de France<br \/>\n<\/span><br \/>\nPremi\u00e8re demeure historique de Montpellier<\/h3>\n<h3 style=\"text-align: center;\"><\/h3>\n<h3 style=\"text-align: center;\"><\/h3>\n<h3 style=\"text-align: left;\"><\/h3>\n<h3 style=\"text-align: left;\"><\/h3>\n<h3 style=\"text-align: left;\"><\/h3>\n<h3 style=\"text-align: left;\"><span style=\"text-decoration: underline; color: #ffcc00;\">Les collections sont OUVERTES<\/span><\/h3>\n<p><span style=\"color: #ffcc00;\">&#8211; <span style=\"text-decoration: underline;\"><strong>aux GROUPES minimum 15\u00a0 personnes et\u00a0 <span style=\"color: #ccffcc; text-decoration: underline;\">ASSOCIATIONS CULTURELLES<\/span><\/strong><\/span><\/span><br \/>\nSur Demande et R\u00e9servation par t\u00e9l\u00e9phone au 06 60 73 60 60<span style=\"text-decoration: underline; color: #ffffff;\"><br \/>\n<\/span><span style=\"color: #ffffff;\">par mail :<\/span> <span style=\"color: #ffffff;\"><span style=\"color: #ccffcc;\"><a style=\"color: #ccffcc;\" href=\"mailto:societearcheomontpellier@gmail.com\">societearcheomontpellier@gmail.com<\/a><\/span><\/span><span style=\"text-decoration: underline; color: #ffffff;\"><br \/>\n<\/span><\/p>\n<p><span style=\"color: #ffcc00;\">&#8211; <span style=\"text-decoration: underline;\"><strong>Visites th\u00e9matiques pour les associations<\/strong> <\/span><\/span><br \/>\nqui soutiennent la S.A.M. : ARTS &amp; PATRIMOINE, et autres\u2026<\/p>\n<p><span style=\"color: #ffcc00;\"><b style=\"color: #ffcc00;\">&#8211; <\/b><span style=\"color: #ffcc00;\"><b>CONF\u00c9RENCES<\/b><\/span><b style=\"color: #ffcc00;\">\u00a0et COLLOQUES<\/b><br \/>\n<b style=\"color: #ffcc00;\"> &#8211; EXPOSITIONS TEMPORAIRES : en 2023<br \/>\n&#8211; 190<sup>\u00e8me<\/sup> anniversaire de la S.A.M.<br \/>\n&#8211; Hommage \u00e0 Henri de LUNARET<\/b><\/span><\/p>\n<p><span style=\"color: #ffcc00;\"><strong>JOURN\u00c9ES ET CONF\u00c9RENCES<\/strong><\/span><br \/>\ndonn\u00e9es par la Soci\u00e9t\u00e9 Arch\u00e9ologique de Montpellier<br \/>\nFond\u00e9e en 1833, reconnue d\u2019Utilit\u00e9 Publique en 1888,<br \/>\nPalais Jacques C\u0153ur et des Tr\u00e9soriers de France<br \/>\n5, rue des Tr\u00e9soriers de France \u00a0&#8211; 34000 Montpellier<\/p>\n<p><span style=\"text-decoration: underline;\">R\u00e9servations<\/span> :<br \/>\npar t\u00e9l\u00e9phone au 06 60 73 60 60<strong><br \/>\n<\/strong>par mail : <span style=\"color: #ccffcc;\"><a style=\"color: #ccffcc;\" href=\"mailto:societearcheomontpellier@gmail.com\">societearcheomontpellier@gmail.com<\/a><\/span><br \/>\n<span style=\"color: #ffcc00;\"><b>Participation pour les \u00ab\u00a0non membres\u00a0\u00bb<br \/>\nAux conf\u00e9rences : 3 euros<br \/>\nAux apr\u00e8s midi :\u00a0 15 euros<\/b><\/span><br \/>\n<span style=\"text-decoration: underline;\">Gratuit\u00e9<\/span> : membres de la S.A.M., d\u2019ARTS &amp; PATRIMOINE,<br \/>\n\u00e9tudiants sur pr\u00e9sentation de leur carte, et<strong> institutions <\/strong><br \/>\n<strong>et associations partenaires de la S.A.M.<\/strong><\/p>\n<p><span style=\"color: #ffcc00;\"><strong>\u00a0<\/strong><\/span><\/p>\n","protected":false},"excerpt":{"rendered":"<p>La Soci\u00e9t\u00e9 Arch\u00e9ologique de Montpellier Le Palais Jacques C\u0153ur et des Tr\u00e9soriers de France Premi\u00e8re demeure historique de Montpellier Les collections sont OUVERTES &#8211; aux GROUPES minimum 15\u00a0 personnes et\u00a0 ASSOCIATIONS CULTURELLES Sur Demande et R\u00e9servation par t\u00e9l\u00e9phone au 06 60 73 60 60 par mail : societearcheomontpellier@gmail.com &#8211; Visites th\u00e9matiques pour les associations qui [&hellip;]<\/p>\n","protected":false},"author":1,"featured_media":0,"parent":0,"menu_order":0,"comment_status":"closed","ping_status":"open","template":"","meta":[],"_links":{"self":[{"href":"http:\/\/societe-archeologique-de-montpellier.com\/index.php\/wp-json\/wp\/v2\/pages\/2"}],"collection":[{"href":"http:\/\/societe-archeologique-de-montpellier.com\/index.php\/wp-json\/wp\/v2\/pages"}],"about":[{"href":"http:\/\/societe-archeologique-de-montpellier.com\/index.php\/wp-json\/wp\/v2\/types\/page"}],"author":[{"embeddable":true,"href":"http:\/\/societe-archeologique-de-montpellier.com\/index.php\/wp-json\/wp\/v2\/users\/1"}],"replies":[{"embeddable":true,"href":"http:\/\/societe-archeologique-de-montpellier.com\/index.php\/wp-json\/wp\/v2\/comments?post=2"}],"version-history":[{"count":25,"href":"http:\/\/societe-archeologique-de-montpellier.com\/index.php\/wp-json\/wp\/v2\/pages\/2\/revisions"}],"predecessor-version":[{"id":716,"href":"http:\/\/societe-archeologique-de-montpellier.com\/index.php\/wp-json\/wp\/v2\/pages\/2\/revisions\/716"}],"wp:attachment":[{"href":"http:\/\/societe-archeologique-de-montpellier.com\/index.php\/wp-json\/wp\/v2\/media?parent=2"}],"curies":[{"name":"wp","href":"https:\/\/api.w.org\/{rel}","templated":true}]}}